{"id":464,"date":"2025-08-21T21:50:17","date_gmt":"2025-08-21T18:50:17","guid":{"rendered":"https:\/\/eymirteknik.com\/?page_id=464"},"modified":"2025-08-27T12:41:04","modified_gmt":"2025-08-27T09:41:04","slug":"hizmetlerimiz","status":"publish","type":"page","link":"https:\/\/eymirteknik.com\/?page_id=464","title":{"rendered":"Hizmetlerimiz"},"content":{"rendered":"\t\t<div data-elementor-type=\"wp-page\" data-elementor-id=\"464\" class=\"elementor elementor-464\">\n\t\t\t\t<div class=\"elementor-element elementor-element-b256b53 e-flex e-con-boxed e-con e-parent\" data-id=\"b256b53\" data-element_type=\"container\">\n\t\t\t\t\t<div class=\"e-con-inner\">\n\t\t\t\t<div class=\"elementor-element elementor-element-f76b9de elementor-widget elementor-widget-heading\" data-id=\"f76b9de\" data-element_type=\"widget\" data-widget_type=\"heading.default\">\n\t\t\t\t\t<h2 class=\"elementor-heading-title elementor-size-default\">H\u0130ZMETLER\u0130M\u0130Z<\/h2>\t\t\t\t<\/div>\n\t\t\t\t\t<\/div>\n\t\t\t\t<\/div>\n\t\t<div class=\"elementor-element elementor-element-0e759d2 e-flex e-con-boxed e-con e-parent\" data-id=\"0e759d2\" data-element_type=\"container\">\n\t\t\t\t\t<div class=\"e-con-inner\">\n\t\t<div class=\"elementor-element elementor-element-b42e542 e-con-full e-flex e-con e-child\" data-id=\"b42e542\" data-element_type=\"container\">\n\t\t\t\t<div class=\"elementor-element elementor-element-3793682 elementor-position-left elementor-vertical-align-top elementor-widget elementor-widget-image-box\" data-id=\"3793682\" data-element_type=\"widget\" data-widget_type=\"image-box.default\">\n\t\t\t\t\t<div class=\"elementor-image-box-wrapper\"><figure class=\"elementor-image-box-img\"><img fetchpriority=\"high\" decoding=\"async\" width=\"578\" height=\"679\" src=\"https:\/\/eymirteknik.com\/wp-content\/uploads\/2025\/08\/buzdolabii-1.png\" class=\"attachment-full size-full wp-image-481\" alt=\"\" srcset=\"https:\/\/eymirteknik.com\/wp-content\/uploads\/2025\/08\/buzdolabii-1.png 578w, https:\/\/eymirteknik.com\/wp-content\/uploads\/2025\/08\/buzdolabii-1-255x300.png 255w\" sizes=\"(max-width: 578px) 100vw, 578px\" \/><\/figure><div class=\"elementor-image-box-content\"><h3 class=\"elementor-image-box-title\">Buzdolab\u0131 <br>Teknik Servisi<\/h3><p class=\"elementor-image-box-description\">\u2022 Buzdolab\u0131 Tamiri<br>\n\u2022 Giderme<br>\n\u2022 Yedek Par\u00e7a<br>\n\u2022 Genel Bak\u0131m<\/p><\/div><\/div>\t\t\t\t<\/div>\n\t\t\t\t<\/div>\n\t\t<div class=\"elementor-element elementor-element-246b116 e-con-full e-flex e-con e-child\" data-id=\"246b116\" data-element_type=\"container\">\n\t\t\t\t<div class=\"elementor-element elementor-element-1452539 elementor-position-left elementor-vertical-align-top elementor-widget elementor-widget-image-box\" data-id=\"1452539\" data-element_type=\"widget\" data-widget_type=\"image-box.default\">\n\t\t\t\t\t<div class=\"elementor-image-box-wrapper\"><figure class=\"elementor-image-box-img\"><img decoding=\"async\" width=\"578\" height=\"679\" src=\"https:\/\/eymirteknik.com\/wp-content\/uploads\/2025\/08\/blsk-mak-1.png\" class=\"attachment-full size-full wp-image-482\" alt=\"\" srcset=\"https:\/\/eymirteknik.com\/wp-content\/uploads\/2025\/08\/blsk-mak-1.png 578w, https:\/\/eymirteknik.com\/wp-content\/uploads\/2025\/08\/blsk-mak-1-255x300.png 255w\" sizes=\"(max-width: 578px) 100vw, 578px\" \/><\/figure><div class=\"elementor-image-box-content\"><h3 class=\"elementor-image-box-title\">Bula\u015f\u0131k Makinesi Teknik Servisi<\/h3><p class=\"elementor-image-box-description\">\u2022 Bula\u015f\u0131k Makinesi Tamiri<BR>\n\u2022 Koku Giderme<BR>\n\u2022 Yedek Par\u00e7a<BR>\n\u2022 Genel Bak\u0131m\n<\/p><\/div><\/div>\t\t\t\t<\/div>\n\t\t\t\t<\/div>\n\t\t<div class=\"elementor-element elementor-element-90567ea e-con-full e-flex e-con e-child\" data-id=\"90567ea\" data-element_type=\"container\">\n\t\t\t\t<div class=\"elementor-element elementor-element-97f7497 elementor-position-left elementor-vertical-align-top elementor-widget elementor-widget-image-box\" data-id=\"97f7497\" data-element_type=\"widget\" data-widget_type=\"image-box.default\">\n\t\t\t\t\t<div class=\"elementor-image-box-wrapper\"><figure class=\"elementor-image-box-img\"><img decoding=\"async\" width=\"578\" height=\"679\" src=\"https:\/\/eymirteknik.com\/wp-content\/uploads\/2025\/08\/camak-1.png\" class=\"attachment-full size-full wp-image-483\" alt=\"\" srcset=\"https:\/\/eymirteknik.com\/wp-content\/uploads\/2025\/08\/camak-1.png 578w, https:\/\/eymirteknik.com\/wp-content\/uploads\/2025\/08\/camak-1-255x300.png 255w\" sizes=\"(max-width: 578px) 100vw, 578px\" \/><\/figure><div class=\"elementor-image-box-content\"><h3 class=\"elementor-image-box-title\">\u00c7ama\u015f\u0131r Makinesi Teknik Servisi<\/h3><p class=\"elementor-image-box-description\">\u2022 \u00c7ama\u015f\u0131r Makinesi Tamiri<BR>\n\u2022 Koku Giderme<BR>\n\u2022 Yedek Par\u00e7a<BR>\n\u2022 Genel Bak\u0131m\n<\/p><\/div><\/div>\t\t\t\t<\/div>\n\t\t\t\t<\/div>\n\t\t<div class=\"elementor-element elementor-element-f9b7295 e-con-full e-flex e-con e-child\" data-id=\"f9b7295\" data-element_type=\"container\">\n\t\t\t\t<div class=\"elementor-element elementor-element-227793e elementor-position-left elementor-vertical-align-top elementor-widget elementor-widget-image-box\" data-id=\"227793e\" data-element_type=\"widget\" data-widget_type=\"image-box.default\">\n\t\t\t\t\t<div class=\"elementor-image-box-wrapper\"><figure class=\"elementor-image-box-img\"><img loading=\"lazy\" decoding=\"async\" width=\"578\" height=\"679\" src=\"https:\/\/eymirteknik.com\/wp-content\/uploads\/2025\/08\/kurutmak-1.png\" class=\"attachment-full size-full wp-image-488\" alt=\"\" srcset=\"https:\/\/eymirteknik.com\/wp-content\/uploads\/2025\/08\/kurutmak-1.png 578w, https:\/\/eymirteknik.com\/wp-content\/uploads\/2025\/08\/kurutmak-1-255x300.png 255w\" sizes=\"(max-width: 578px) 100vw, 578px\" \/><\/figure><div class=\"elementor-image-box-content\"><h3 class=\"elementor-image-box-title\">Kurutma Makinesi Teknik Servisi<\/h3><p class=\"elementor-image-box-description\">\u2022 Kurutma Makinesi Tamiri<BR>\n\u2022 Tiftik Temizleme<BR>\n\u2022 Yedek Par\u00e7a<BR>\n\u2022 Genel Bak\u0131m<BR>\n<\/p><\/div><\/div>\t\t\t\t<\/div>\n\t\t\t\t<\/div>\n\t\t<div class=\"elementor-element elementor-element-cce816c e-con-full e-flex e-con e-child\" data-id=\"cce816c\" data-element_type=\"container\">\n\t\t\t\t<div class=\"elementor-element elementor-element-60eb8da elementor-position-left elementor-vertical-align-top elementor-widget elementor-widget-image-box\" data-id=\"60eb8da\" data-element_type=\"widget\" data-widget_type=\"image-box.default\">\n\t\t\t\t\t<div class=\"elementor-image-box-wrapper\"><figure class=\"elementor-image-box-img\"><img loading=\"lazy\" decoding=\"async\" width=\"578\" height=\"679\" src=\"https:\/\/eymirteknik.com\/wp-content\/uploads\/2025\/08\/elektrikli-supurgee-1.png\" class=\"attachment-full size-full wp-image-484\" alt=\"\" srcset=\"https:\/\/eymirteknik.com\/wp-content\/uploads\/2025\/08\/elektrikli-supurgee-1.png 578w, https:\/\/eymirteknik.com\/wp-content\/uploads\/2025\/08\/elektrikli-supurgee-1-255x300.png 255w\" sizes=\"(max-width: 578px) 100vw, 578px\" \/><\/figure><div class=\"elementor-image-box-content\"><h3 class=\"elementor-image-box-title\">Elektrikli S\u00fcp\u00fcrge Teknik Servisi<\/h3><p class=\"elementor-image-box-description\">\u2022 Elektrikli S\u00fcp\u00fcrge Tamiri<BR>\n\u2022 Filtre De\u011fi\u015fimi<BR>\n\u2022 Yedek Par\u00e7a<BR>\n\u2022 S\u00fcp\u00fcrge Torbas\u0131 Sat\u0131\u015f\u0131\n<\/p><\/div><\/div>\t\t\t\t<\/div>\n\t\t\t\t<\/div>\n\t\t<div class=\"elementor-element elementor-element-69a2bdf e-con-full e-flex e-con e-child\" data-id=\"69a2bdf\" data-element_type=\"container\">\n\t\t\t\t<div class=\"elementor-element elementor-element-10a3aaa elementor-position-left elementor-vertical-align-top elementor-widget elementor-widget-image-box\" data-id=\"10a3aaa\" data-element_type=\"widget\" data-widget_type=\"image-box.default\">\n\t\t\t\t\t<div class=\"elementor-image-box-wrapper\"><figure class=\"elementor-image-box-img\"><img loading=\"lazy\" decoding=\"async\" width=\"578\" height=\"679\" src=\"https:\/\/eymirteknik.com\/wp-content\/uploads\/2025\/08\/firinn-1.png\" class=\"attachment-full size-full wp-image-485\" alt=\"\" srcset=\"https:\/\/eymirteknik.com\/wp-content\/uploads\/2025\/08\/firinn-1.png 578w, https:\/\/eymirteknik.com\/wp-content\/uploads\/2025\/08\/firinn-1-255x300.png 255w\" sizes=\"(max-width: 578px) 100vw, 578px\" \/><\/figure><div class=\"elementor-image-box-content\"><h3 class=\"elementor-image-box-title\">F\u0131r\u0131n<br>Teknik Servisi<\/h3><p class=\"elementor-image-box-description\">\u2022 F\u0131r\u0131n Tamiri<BR>\n\u2022 F\u0131r\u0131n Temizli\u011fi<BR>\n\u2022 Yedek Par\u00e7a<BR>\n\u2022 Genel Bak\u0131m\n<\/p><\/div><\/div>\t\t\t\t<\/div>\n\t\t\t\t<\/div>\n\t\t<div class=\"elementor-element elementor-element-5658459 e-con-full e-flex e-con e-child\" data-id=\"5658459\" data-element_type=\"container\">\n\t\t\t\t<div class=\"elementor-element elementor-element-5d79440 elementor-position-left elementor-vertical-align-top elementor-widget elementor-widget-image-box\" data-id=\"5d79440\" data-element_type=\"widget\" data-widget_type=\"image-box.default\">\n\t\t\t\t\t<div class=\"elementor-image-box-wrapper\"><figure class=\"elementor-image-box-img\"><img loading=\"lazy\" decoding=\"async\" width=\"578\" height=\"679\" src=\"https:\/\/eymirteknik.com\/wp-content\/uploads\/2025\/08\/kev-alet-1.png\" class=\"attachment-full size-full wp-image-486\" alt=\"\" srcset=\"https:\/\/eymirteknik.com\/wp-content\/uploads\/2025\/08\/kev-alet-1.png 578w, https:\/\/eymirteknik.com\/wp-content\/uploads\/2025\/08\/kev-alet-1-255x300.png 255w\" sizes=\"(max-width: 578px) 100vw, 578px\" \/><\/figure><div class=\"elementor-image-box-content\"><h3 class=\"elementor-image-box-title\">K\u00fc\u00e7\u00fck Ev Aletleri<br>Teknik Servisi<\/h3><p class=\"elementor-image-box-description\">\u2022 K\u00fc\u00e7\u00fck Ev Aletleri Tamiri<BR>\n\u2022 Yedek Par\u00e7a<BR>\n\u2022 Genel Bak\u0131m\n<\/p><\/div><\/div>\t\t\t\t<\/div>\n\t\t\t\t<\/div>\n\t\t\t\t\t<\/div>\n\t\t\t\t<\/div>\n\t\t<div class=\"elementor-element elementor-element-6acd3a6 e-flex e-con-boxed e-con e-parent\" data-id=\"6acd3a6\" data-element_type=\"container\">\n\t\t\t\t\t<div class=\"e-con-inner\">\n\t\t\t\t<div class=\"elementor-element elementor-element-23d368b elementor-widget elementor-widget-heading\" data-id=\"23d368b\" data-element_type=\"widget\" data-widget_type=\"heading.default\">\n\t\t\t\t\t<h2 class=\"elementor-heading-title elementor-size-default\">Hizmet Verdi\u011fimiz Markalar<\/h2>\t\t\t\t<\/div>\n\t\t\t\t\t<\/div>\n\t\t\t\t<\/div>\n\t\t\t\t<section class=\"elementor-section elementor-top-section elementor-element elementor-element-09f3188 elementor-section-boxed elementor-section-height-default elementor-section-height-default\" data-id=\"09f3188\" data-element_type=\"section\">\n\t\t\t\t\t\t\t<div class=\"elementor-background-overlay\"><\/div>\n\t\t\t\t\t\t\t<div class=\"elementor-container elementor-column-gap-default\">\n\t\t\t\t\t<div class=\"elementor-column elementor-col-100 elementor-top-column elementor-element elementor-element-d330a48\" data-id=\"d330a48\" data-element_type=\"column\">\n\t\t\t<div class=\"elementor-widget-wrap elementor-element-populated\">\n\t\t\t\t\t\t<section class=\"elementor-section elementor-inner-section elementor-element elementor-element-6212046 elementor-section-boxed elementor-section-height-default elementor-section-height-default elementor-invisible\" data-id=\"6212046\" data-element_type=\"section\" data-settings=\"{&quot;animation&quot;:&quot;pulse&quot;}\">\n\t\t\t\t\t\t\t<div class=\"elementor-background-overlay\"><\/div>\n\t\t\t\t\t\t\t<div class=\"elementor-container elementor-column-gap-default\">\n\t\t\t\t\t<div class=\"elementor-column elementor-col-33 elementor-inner-column elementor-element elementor-element-1e8b312 elementor-invisible\" data-id=\"1e8b312\" data-element_type=\"column\" data-settings=\"{&quot;animation&quot;:&quot;zoomInLeft&quot;,&quot;background_background&quot;:&quot;classic&quot;}\">\n\t\t\t<div class=\"elementor-widget-wrap elementor-element-populated\">\n\t\t\t\t\t\t<div class=\"elementor-element elementor-element-4f3c1a6 elementor-widget elementor-widget-image\" data-id=\"4f3c1a6\" data-element_type=\"widget\" data-widget_type=\"image.default\">\n\t\t\t\t\t\t\t\t\t\t\t\t\t\t\t<img loading=\"lazy\" decoding=\"async\" width=\"300\" height=\"114\" src=\"https:\/\/eymirteknik.com\/wp-content\/uploads\/2025\/08\/vestel-4.png\" class=\"attachment-full size-full wp-image-761\" alt=\"\" \/>\t\t\t\t\t\t\t\t\t\t\t\t\t\t\t<\/div>\n\t\t\t\t<div class=\"elementor-element elementor-element-e9fa237 elementor-widget elementor-widget-image\" data-id=\"e9fa237\" data-element_type=\"widget\" data-widget_type=\"image.default\">\n\t\t\t\t\t\t\t\t\t\t\t\t\t\t\t<img loading=\"lazy\" decoding=\"async\" width=\"300\" height=\"114\" src=\"https:\/\/eymirteknik.com\/wp-content\/uploads\/2025\/08\/lg-4.png\" class=\"attachment-large size-large wp-image-758\" alt=\"\" \/>\t\t\t\t\t\t\t\t\t\t\t\t\t\t\t<\/div>\n\t\t\t\t<div class=\"elementor-element elementor-element-afb48c1 elementor-widget elementor-widget-image\" data-id=\"afb48c1\" data-element_type=\"widget\" data-widget_type=\"image.default\">\n\t\t\t\t\t\t\t\t\t\t\t\t\t\t\t<img loading=\"lazy\" decoding=\"async\" width=\"300\" height=\"114\" src=\"https:\/\/eymirteknik.com\/wp-content\/uploads\/2025\/08\/bosch-4.png\" class=\"attachment-large size-large wp-image-755\" alt=\"\" \/>\t\t\t\t\t\t\t\t\t\t\t\t\t\t\t<\/div>\n\t\t\t\t\t<\/div>\n\t\t<\/div>\n\t\t\t\t<div class=\"elementor-column elementor-col-33 elementor-inner-column elementor-element elementor-element-8bb948f elementor-invisible\" data-id=\"8bb948f\" data-element_type=\"column\" data-settings=\"{&quot;animation&quot;:&quot;zoomInLeft&quot;,&quot;background_background&quot;:&quot;classic&quot;}\">\n\t\t\t<div class=\"elementor-widget-wrap elementor-element-populated\">\n\t\t\t\t\t\t<div class=\"elementor-element elementor-element-f2813b1 elementor-widget elementor-widget-image\" data-id=\"f2813b1\" data-element_type=\"widget\" data-widget_type=\"image.default\">\n\t\t\t\t\t\t\t\t\t\t\t\t\t\t\t<img loading=\"lazy\" decoding=\"async\" width=\"300\" height=\"114\" src=\"https:\/\/eymirteknik.com\/wp-content\/uploads\/2025\/08\/siemens-4.png\" class=\"attachment-full size-full wp-image-760\" alt=\"\" \/>\t\t\t\t\t\t\t\t\t\t\t\t\t\t\t<\/div>\n\t\t\t\t<div class=\"elementor-element elementor-element-d0a9175 elementor-widget elementor-widget-image\" data-id=\"d0a9175\" data-element_type=\"widget\" data-widget_type=\"image.default\">\n\t\t\t\t\t\t\t\t\t\t\t\t\t\t\t<img loading=\"lazy\" decoding=\"async\" width=\"300\" height=\"114\" src=\"https:\/\/eymirteknik.com\/wp-content\/uploads\/2025\/08\/karaca-4.png\" class=\"attachment-large size-large wp-image-757\" alt=\"\" \/>\t\t\t\t\t\t\t\t\t\t\t\t\t\t\t<\/div>\n\t\t\t\t<div class=\"elementor-element elementor-element-978b2f6 elementor-widget elementor-widget-image\" data-id=\"978b2f6\" data-element_type=\"widget\" data-widget_type=\"image.default\">\n\t\t\t\t\t\t\t\t\t\t\t\t\t\t\t<img loading=\"lazy\" decoding=\"async\" width=\"300\" height=\"114\" src=\"https:\/\/eymirteknik.com\/wp-content\/uploads\/2025\/08\/beko-4.png\" class=\"attachment-large size-large wp-image-754\" alt=\"\" \/>\t\t\t\t\t\t\t\t\t\t\t\t\t\t\t<\/div>\n\t\t\t\t\t<\/div>\n\t\t<\/div>\n\t\t\t\t<div class=\"elementor-column elementor-col-33 elementor-inner-column elementor-element elementor-element-aaeed44 elementor-invisible\" data-id=\"aaeed44\" data-element_type=\"column\" data-settings=\"{&quot;animation&quot;:&quot;zoomInLeft&quot;,&quot;background_background&quot;:&quot;classic&quot;}\">\n\t\t\t<div class=\"elementor-widget-wrap elementor-element-populated\">\n\t\t\t\t\t\t<div class=\"elementor-element elementor-element-a35f6c0 elementor-widget elementor-widget-image\" data-id=\"a35f6c0\" data-element_type=\"widget\" data-widget_type=\"image.default\">\n\t\t\t\t\t\t\t\t\t\t\t\t\t\t\t<img loading=\"lazy\" decoding=\"async\" width=\"300\" height=\"114\" src=\"https:\/\/eymirteknik.com\/wp-content\/uploads\/2025\/08\/samsung-5.png\" class=\"attachment-full size-full wp-image-759\" alt=\"\" \/>\t\t\t\t\t\t\t\t\t\t\t\t\t\t\t<\/div>\n\t\t\t\t<div class=\"elementor-element elementor-element-3c39486 elementor-widget elementor-widget-image\" data-id=\"3c39486\" data-element_type=\"widget\" data-widget_type=\"image.default\">\n\t\t\t\t\t\t\t\t\t\t\t\t\t\t\t<img loading=\"lazy\" decoding=\"async\" width=\"300\" height=\"114\" src=\"https:\/\/eymirteknik.com\/wp-content\/uploads\/2025\/08\/grundig-4.png\" class=\"attachment-large size-large wp-image-756\" alt=\"\" \/>\t\t\t\t\t\t\t\t\t\t\t\t\t\t\t<\/div>\n\t\t\t\t<div class=\"elementor-element elementor-element-8c50322 elementor-widget elementor-widget-image\" data-id=\"8c50322\" data-element_type=\"widget\" data-widget_type=\"image.default\">\n\t\t\t\t\t\t\t\t\t\t\t\t\t\t\t<img loading=\"lazy\" decoding=\"async\" width=\"300\" height=\"114\" src=\"https:\/\/eymirteknik.com\/wp-content\/uploads\/2025\/08\/arcelik-4.png\" class=\"attachment-large size-large wp-image-753\" alt=\"\" \/>\t\t\t\t\t\t\t\t\t\t\t\t\t\t\t<\/div>\n\t\t\t\t\t<\/div>\n\t\t<\/div>\n\t\t\t\t\t<\/div>\n\t\t<\/section>\n\t\t\t\t\t<\/div>\n\t\t<\/div>\n\t\t\t\t\t<\/div>\n\t\t<\/section>\n\t\t<div class=\"elementor-element elementor-element-c53a69e e-flex e-con-boxed e-con e-parent\" data-id=\"c53a69e\" data-element_type=\"container\">\n\t\t\t\t\t<div class=\"e-con-inner\">\n\t\t\t\t<div class=\"elementor-element elementor-element-c184c9a elementor-widget elementor-widget-spacer\" data-id=\"c184c9a\" data-element_type=\"widget\" data-widget_type=\"spacer.default\">\n\t\t\t\t\t\t\t<div class=\"elementor-spacer\">\n\t\t\t<div class=\"elementor-spacer-inner\"><\/div>\n\t\t<\/div>\n\t\t\t\t\t\t<\/div>\n\t\t\t\t\t<\/div>\n\t\t\t\t<\/div>\n\t\t<div class=\"elementor-element elementor-element-ded128f e-flex e-con-boxed e-con e-parent\" data-id=\"ded128f\" data-element_type=\"container\">\n\t\t\t\t\t<div class=\"e-con-inner\">\n\t\t\t\t<div class=\"elementor-element elementor-element-47291f7 elementor-widget elementor-widget-heading\" data-id=\"47291f7\" data-element_type=\"widget\" data-widget_type=\"heading.default\">\n\t\t\t\t\t<h2 class=\"elementor-heading-title elementor-size-default\">Hizmet Verdi\u011fimiz B\u00f6lgeler<\/h2>\t\t\t\t<\/div>\n\t\t<div class=\"elementor-element elementor-element-6865c52 e-con-full e-flex e-con e-child\" data-id=\"6865c52\" data-element_type=\"container\">\n\t\t\t\t<div class=\"elementor-element elementor-element-bc780b4 elementor-widget elementor-widget-image\" data-id=\"bc780b4\" data-element_type=\"widget\" data-widget_type=\"image.default\">\n\t\t\t\t\t\t\t\t\t\t\t\t\t\t\t<img loading=\"lazy\" decoding=\"async\" width=\"600\" height=\"400\" src=\"https:\/\/eymirteknik.com\/wp-content\/uploads\/2025\/08\/harita.png\" class=\"attachment-large size-large wp-image-676\" alt=\"\" srcset=\"https:\/\/eymirteknik.com\/wp-content\/uploads\/2025\/08\/harita.png 600w, https:\/\/eymirteknik.com\/wp-content\/uploads\/2025\/08\/harita-300x200.png 300w\" sizes=\"(max-width: 600px) 100vw, 600px\" \/>\t\t\t\t\t\t\t\t\t\t\t\t\t\t\t<\/div>\n\t\t\t\t<\/div>\n\t\t\t\t<div class=\"elementor-element elementor-element-e818e7d elementor-widget elementor-widget-text-editor\" data-id=\"e818e7d\" data-element_type=\"widget\" data-widget_type=\"text-editor.default\">\n\t\t\t\t\t\t\t\t\t<p><strong>\u2022 Yenikent <\/strong><br \/><strong>\u2022 Sincan \u00a0 \u00a0<\/strong><br \/><strong>\u2022 Etimesgut<\/strong><br \/><strong>\u2022 Eryaman <\/strong><br \/><strong>\u2022 Ba\u011fl\u0131ca<\/strong><br \/><strong>\u2022 Ya\u015famkent<\/strong><br \/><strong>\u2022 \u0130ncek<\/strong><br \/><strong>\u2022 \u00dcmitk\u00f6y <\/strong><br \/><strong>\u2022 Bat\u0131kent<\/strong><br \/><strong>\u2022 Kazan <\/strong><br \/><strong>\u2022 Aya\u015f<\/strong><br \/><strong>\u2022 Temelli<\/strong><\/p>\t\t\t\t\t\t\t\t<\/div>\n\t\t\t\t\t<\/div>\n\t\t\t\t<\/div>\n\t\t\t\t<\/div>\n\t\t","protected":false},"excerpt":{"rendered":"<p>H\u0130ZMETLER\u0130M\u0130Z Buzdolab\u0131 Teknik Servisi \u2022 Buzdolab\u0131 Tamiri \u2022 Giderme \u2022 Yedek Par\u00e7a \u2022 Genel Bak\u0131m Bula\u015f\u0131k Makinesi Teknik Servisi \u2022 Bula\u015f\u0131k Makinesi Tamiri \u2022 Koku Giderme \u2022 Yedek Par\u00e7a \u2022 Genel Bak\u0131m \u00c7ama\u015f\u0131r Makinesi Teknik Servisi \u2022 \u00c7ama\u015f\u0131r Makinesi Tamiri \u2022 Koku Giderme \u2022 Yedek Par\u00e7a \u2022 Genel Bak\u0131m Kurutma Makinesi Teknik Servisi \u2022 Kurutma Makinesi Tamiri \u2022 Tiftik Temizleme&#8230;<\/p>\n","protected":false},"author":1,"featured_media":0,"parent":0,"menu_order":0,"comment_status":"closed","ping_status":"closed","template":"page-templates\/full-width-container.php","meta":{"footnotes":""},"class_list":["post-464","page","type-page","status-publish","hentry"],"jetpack_sharing_enabled":true,"_links":{"self":[{"href":"https:\/\/eymirteknik.com\/index.php?rest_route=\/wp\/v2\/pages\/464","targetHints":{"allow":["GET"]}}],"collection":[{"href":"https:\/\/eymirteknik.com\/index.php?rest_route=\/wp\/v2\/pages"}],"about":[{"href":"https:\/\/eymirteknik.com\/index.php?rest_route=\/wp\/v2\/types\/page"}],"author":[{"embeddable":true,"href":"https:\/\/eymirteknik.com\/index.php?rest_route=\/wp\/v2\/users\/1"}],"replies":[{"embeddable":true,"href":"https:\/\/eymirteknik.com\/index.php?rest_route=%2Fwp%2Fv2%2Fcomments&post=464"}],"version-history":[{"count":85,"href":"https:\/\/eymirteknik.com\/index.php?rest_route=\/wp\/v2\/pages\/464\/revisions"}],"predecessor-version":[{"id":815,"href":"https:\/\/eymirteknik.com\/index.php?rest_route=\/wp\/v2\/pages\/464\/revisions\/815"}],"wp:attachment":[{"href":"https:\/\/eymirteknik.com\/index.php?rest_route=%2Fwp%2Fv2%2Fmedia&parent=464"}],"curies":[{"name":"wp","href":"https:\/\/api.w.org\/{rel}","templated":true}]}}